{"id":7194,"date":"2026-01-29T15:20:00","date_gmt":"2026-01-29T15:20:00","guid":{"rendered":"https:\/\/rejenmed.paolalugo17.com\/?page_id=7194"},"modified":"2026-02-18T20:31:16","modified_gmt":"2026-02-18T20:31:16","slug":"about-me","status":"publish","type":"page","link":"https:\/\/jonathantoro.com\/es\/","title":{"rendered":"Sobre m\u00ed"},"content":{"rendered":"<div data-elementor-type=\"wp-page\" data-elementor-id=\"7194\" class=\"elementor elementor-7194\">\n\t\t\t\t        <section class=\"elementor-section elementor-top-section elementor-element elementor-element-9042e8f elementor-section-boxed elementor-section-height-default elementor-section-height-default pxl-type-header-none pxl-bg-color-none pxl-row-scroll-none\" data-id=\"9042e8f\" data-element_type=\"section\" data-e-type=\"section\">\n\n                \n                <div class=\"elementor-container elementor-column-gap-extended\">\n                <div class=\"elementor-column elementor-col-50 elementor-top-column elementor-element elementor-element-d08cf9f pxl-col-none pxl-column-none\" data-id=\"d08cf9f\" data-element_type=\"column\" data-e-type=\"column\">\r\n        <div class=\"elementor-widget-wrap elementor-element-populated\">\r\n                     \r\n        \t\t<div class=\"elementor-element elementor-element-ec851f2 elementor-widget elementor-widget-spacer\" data-id=\"ec851f2\" data-element_type=\"widget\" data-e-type=\"widget\" data-widget_type=\"spacer.default\">\n\t\t\t\t<div class=\"elementor-widget-container\">\n\t\t\t\t\t\t\t<div class=\"elementor-spacer\">\n\t\t\t<div class=\"elementor-spacer-inner\"><\/div>\n\t\t<\/div>\n\t\t\t\t\t\t<\/div>\n\t\t\t\t<\/div>\n\t\t\t\t<div class=\"elementor-element elementor-element-d5c66d5 elementor-widget elementor-widget-pxl_team_grid\" data-id=\"d5c66d5\" data-element_type=\"widget\" data-e-type=\"widget\" data-widget_type=\"pxl_team_grid.default\">\n\t\t\t\t<div class=\"elementor-widget-container\">\n\t\t\t\t\t<div class=\"pxl-grid pxl-team-grid pxl-team-grid1\">\r\n    <div class=\"pxl-grid-inner pxl-grid-masonry row\" data-gutter=\"15\">\r\n\r\n                <div class=\"elementor-repeater-item-5660c78 pxl-grid-item col-xl-12 col-lg-12 col-md-12 col-sm-12 col-12\">\r\n            <div class=\"pxl-item--inner\">\r\n                                    <div class=\"pxl-item--image\">\r\n                        <img fetchpriority=\"high\" decoding=\"async\" width=\"1024\" height=\"1024\" src=\"https:\/\/jonathantoro.com\/wp-content\/uploads\/2026\/01\/Jonathan-Toro-Ramirez.png\" class=\"no-lazyload attachment-full\" alt=\"\" \/>                        <div class=\"pxl-item--social\">\r\n                                                            <span class=\"pxl-item--button\"><\/span>\r\n                                                                    <a href=\"https:\/\/www.facebook.com\/jhonatan1862\" target=\"_blank\"><i class=\"fab fa-facebook-f\"><\/i><\/a>\r\n                                                                    <a href=\"https:\/\/www.instagram.com\/j.toro10\/\" target=\"_blank\"><i class=\"fab fa-instagram\"><\/i><\/a>\r\n                                                                    <a href=\"http:\/\/l\" target=\"_blank\"><i class=\"fab fa-linkedin-in\"><\/i><\/a>\r\n                                                                    <a href=\"\" target=\"_blank\"><i class=\"fab fa-youtube\"><\/i><\/a>\r\n                                                        <\/div>\r\n                    <\/div>\r\n                                <div class=\"pxl-item--meta\">\r\n                    <div class=\"pxl-item--title\">\r\n                        <a >\r\n                            Jonathan Toro Ram\u00edrez                         <\/a>\r\n                    <\/div>\r\n                    <div class=\"pxl-item--position\">M\u00e9dico Graduado Internacional (IMG) y Asistente M\u00e9dico Certificado (P.A.-C) \/ Asistente Quir\u00fargico Certificado<\/div>\r\n\r\n                <\/div>\r\n            <\/div>\r\n        <\/div>\r\n        <div class=\"grid-sizer col-xl-12 col-lg-12 col-md-12 col-sm-12 col-12\"><\/div>\r\n<\/div>\r\n<\/div>\r\n\t\t\t\t<\/div>\n\t\t\t\t<\/div>\n\t\t            <\/div>\r\n        <\/div>\r\n                <div class=\"elementor-column elementor-col-50 elementor-top-column elementor-element elementor-element-4edc8c1 pxl-col-none pxl-column-none\" data-id=\"4edc8c1\" data-element_type=\"column\" data-e-type=\"column\">\r\n        <div class=\"elementor-widget-wrap elementor-element-populated\">\r\n                     \r\n        \t\t<div class=\"elementor-element elementor-element-49f620b elementor-widget elementor-widget-spacer\" data-id=\"49f620b\" data-element_type=\"widget\" data-e-type=\"widget\" data-widget_type=\"spacer.default\">\n\t\t\t\t<div class=\"elementor-widget-container\">\n\t\t\t\t\t\t\t<div class=\"elementor-spacer\">\n\t\t\t<div class=\"elementor-spacer-inner\"><\/div>\n\t\t<\/div>\n\t\t\t\t\t\t<\/div>\n\t\t\t\t<\/div>\n\t\t\t\t<div class=\"elementor-element elementor-element-a3be9a2 elementor-widget elementor-widget-pxl_heading\" data-id=\"a3be9a2\" data-element_type=\"widget\" data-e-type=\"widget\" data-widget_type=\"pxl_heading.default\">\n\t\t\t\t<div class=\"elementor-widget-container\">\n\t\t\t\t\t<div class=\"pxl-heading\">\n\t<div class=\"pxl-heading--inner\">\n\t\t\t<h3 class=\"pxl-item--title  highlight-default Rajdhani\" data-wow-delay=\"ms\">\n\tJonathan Toro Ram\u00edrez \t\t\n\t<\/h3>\n<\/div>\n<\/div>\t\t\t\t<\/div>\n\t\t\t\t<\/div>\n\t\t\t\t<div class=\"elementor-element elementor-element-38883f7 elementor-widget elementor-widget-text-editor\" data-id=\"38883f7\" data-element_type=\"widget\" data-e-type=\"widget\" data-widget_type=\"text-editor.default\">\n\t\t\t\t<div class=\"elementor-widget-container\">\n\t\t\t\t\t\t\t\t\t<p><em>M\u00e9dico Graduado Internacional y Asistente M\u00e9dico Certificado\u00a0<\/em>(P.A.-C) \/ Certificado como Asistente Quir\u00fargico\u00a0<b>Florida-USA<\/b><\/p>\t\t\t\t\t\t\t\t<\/div>\n\t\t\t\t<\/div>\n\t\t\t\t<div class=\"elementor-element elementor-element-5dbf035 elementor-widget elementor-widget-pxl_text_editor\" data-id=\"5dbf035\" data-element_type=\"widget\" data-e-type=\"widget\" data-widget_type=\"pxl_text_editor.default\">\n\t\t\t\t<div class=\"elementor-widget-container\">\n\t\t\t\t\t<div class=\"pxl-text-editor\">\n\t<div class=\"pxl-item--inner\" data-wow-delay=\"ms\">\n\t\t<p data-start=\"202\" data-end=\"656\">Dr. Jonathan Toro Ram\u00edrez, M\u00e9dico Graduado Internacional y Asistente M\u00e9dico Certificado (P.A.-C), con una s\u00f3lida trayectoria en medicina deportiva, ortopedia y medicina regenerativa. Cuenta con amplia experiencia cl\u00ednica y formaci\u00f3n especializada en rehabilitaci\u00f3n f\u00edsica, habiendo trabajado directamente con atletas de alto rendimiento de clase mundial. Su enfoque se centra en la recuperaci\u00f3n funcional, la optimizaci\u00f3n del rendimiento y el retorno seguro a la competencia.<\/p><p data-start=\"658\" data-end=\"1110\">El Dr. Toro Ram\u00edrez cuenta con amplia experiencia en asistencia m\u00e9dica y quir\u00fargica, especialmente en procedimientos ortop\u00e9dicos, incluyendo cirug\u00edas artrosc\u00f3picas y laparosc\u00f3picas, as\u00ed como reemplazos articulares de hombro, rodilla y tobillo. Su formaci\u00f3n avanzada en rehabilitaci\u00f3n deportiva y terapias regenerativas \u2014tanto aut\u00f3logas como alog\u00e9nicas\u2014 le permite aplicar enfoques innovadores y basados en evidencia para el tratamiento de lesiones musculoesquel\u00e9ticas y relacionadas con el deporte.<\/p><p data-start=\"1112\" data-end=\"1656\">El Dr. Toro Ram\u00edrez cuenta con licencia como Asistente M\u00e9dico (Physician Assistant) en Puerto Rico y est\u00e1 certificado como Asistente Quir\u00fargico Primario (Surgical First Assistant) por la American Board of Surgical Assistants. Adem\u00e1s, es reconocido como M\u00e9dico Graduado Internacional (IMG). Posee una Maestr\u00eda Internacional en Medicina Deportiva por la Universidad de Barcelona y cuenta con amplia experiencia en artroscop\u00eda y traumatolog\u00eda deportiva. Actualmente ejerce en centros de rehabilitaci\u00f3n quir\u00fargica y deportiva, y es miembro activo de la International Society for Stem Cell Application (ISSCA).<\/p><p data-start=\"1658\" data-end=\"2033\">Reconocido por su alto nivel de satisfacci\u00f3n de los pacientes, liderazgo cl\u00ednico y capacidad para trabajar en equipos multidisciplinarios, el Dr. Toro Ram\u00edrez se distingue por su enfoque integral, \u00e9tico y centrado en el paciente. Es biling\u00fce en ingl\u00e9s y espa\u00f1ol, y mantiene un firme compromiso con la excelencia m\u00e9dica, la innovaci\u00f3n terap\u00e9utica y el desarrollo profesional continuo.<\/p>\t<\/div>\n<\/div>\t\t\t\t<\/div>\n\t\t\t\t<\/div>\n\t\t        <section class=\"elementor-section elementor-inner-section elementor-element elementor-element-d744be6 elementor-section-boxed elementor-section-height-default elementor-section-height-default pxl-type-header-none pxl-bg-color-none pxl-row-scroll-none\" data-id=\"d744be6\" data-element_type=\"section\" data-e-type=\"section\">\n\n                \n                <div class=\"elementor-container elementor-column-gap-default\">\n                <div class=\"elementor-column elementor-col-50 elementor-inner-column elementor-element elementor-element-cd04694 pxl-col-none pxl-column-none\" data-id=\"cd04694\" data-element_type=\"column\" data-e-type=\"column\">\r\n        <div class=\"elementor-widget-wrap elementor-element-populated\">\r\n                     \r\n        \t\t<div class=\"elementor-element elementor-element-63cfb4f elementor-widget elementor-widget-pxl_link\" data-id=\"63cfb4f\" data-element_type=\"widget\" data-e-type=\"widget\" data-widget_type=\"pxl_link.default\">\n\t\t\t\t<div class=\"elementor-widget-container\">\n\t\t\t\t\t    <ul class=\"pxl-link pxl-link-l1 vertical  style2\" data-wow-delay=\"ms\">\r\n                        <li class=\"elementor-repeater-item-8f65926\" >\r\n                    <a id=\"pxl-not-rtl\" >\r\n                        <i aria-hidden=\"true\" class=\"far fa-check-double\"><\/i>                        <span>Ortopedia y Medicina Deportiva<\/span>\r\n                    <\/a>\r\n                <\/li>\r\n                        <li class=\"elementor-repeater-item-50d36f8\" >\r\n                    <a id=\"pxl-not-rtl\" >\r\n                        <i aria-hidden=\"true\" class=\"far fa-check-double\"><\/i>                        <span>Terapias Regenerativas<\/span>\r\n                    <\/a>\r\n                <\/li>\r\n                        <li class=\"elementor-repeater-item-590b12c\" >\r\n                    <a id=\"pxl-not-rtl\" >\r\n                        <i aria-hidden=\"true\" class=\"far fa-check-double\"><\/i>                        <span>Asistencia Quir\u00fargica Primaria<\/span>\r\n                    <\/a>\r\n                <\/li>\r\n            <\/ul>\r\n\t\t\t\t<\/div>\n\t\t\t\t<\/div>\n\t\t            <\/div>\r\n        <\/div>\r\n                <div class=\"elementor-column elementor-col-50 elementor-inner-column elementor-element elementor-element-0b62e54 pxl-col-none pxl-column-none\" data-id=\"0b62e54\" data-element_type=\"column\" data-e-type=\"column\">\r\n        <div class=\"elementor-widget-wrap elementor-element-populated\">\r\n                     \r\n        \t\t<div class=\"elementor-element elementor-element-eb92030 elementor-widget elementor-widget-pxl_link\" data-id=\"eb92030\" data-element_type=\"widget\" data-e-type=\"widget\" data-widget_type=\"pxl_link.default\">\n\t\t\t\t<div class=\"elementor-widget-container\">\n\t\t\t\t\t    <ul class=\"pxl-link pxl-link-l1 vertical  style2\" data-wow-delay=\"ms\">\r\n                        <li class=\"elementor-repeater-item-cf7366b\" >\r\n                    <a id=\"pxl-not-rtl\" >\r\n                        <i aria-hidden=\"true\" class=\"far fa-check-double\"><\/i>                        <span>Rehabilitaci\u00f3n de Lesiones Deportivas<\/span>\r\n                    <\/a>\r\n                <\/li>\r\n                        <li class=\"elementor-repeater-item-50d36f8\" >\r\n                    <a id=\"pxl-not-rtl\" >\r\n                        <i aria-hidden=\"true\" class=\"far fa-check-double\"><\/i>                        <span>Preservaci\u00f3n y Reemplazo Articular<\/span>\r\n                    <\/a>\r\n                <\/li>\r\n                        <li class=\"elementor-repeater-item-590b12c\" >\r\n                    <a id=\"pxl-not-rtl\" >\r\n                        <i aria-hidden=\"true\" class=\"far fa-check-double\"><\/i>                        <span>Recuperaci\u00f3n del Rendimiento<\/span>\r\n                    <\/a>\r\n                <\/li>\r\n            <\/ul>\r\n\t\t\t\t<\/div>\n\t\t\t\t<\/div>\n\t\t            <\/div>\r\n        <\/div>\r\n        \t\t\t<\/div>\n\t\t<\/section>\n\t\t\t\t<div class=\"elementor-element elementor-element-8633275 elementor-widget elementor-widget-pxl_heading\" data-id=\"8633275\" data-element_type=\"widget\" data-e-type=\"widget\" data-widget_type=\"pxl_heading.default\">\n\t\t\t\t<div class=\"elementor-widget-container\">\n\t\t\t\t\t<div class=\"pxl-heading\">\n\t<div class=\"pxl-heading--inner\">\n\t\t\t<h3 class=\"pxl-item--title  highlight-default Rajdhani\" data-wow-delay=\"ms\">\n\tHabilidades del M\u00e9dico\t\t\n\t<\/h3>\n<\/div>\n<\/div>\t\t\t\t<\/div>\n\t\t\t\t<\/div>\n\t\t\t\t<div class=\"elementor-element elementor-element-02a9a05 elementor-widget elementor-widget-pxl_progressbar\" data-id=\"02a9a05\" data-element_type=\"widget\" data-e-type=\"widget\" data-widget_type=\"pxl_progressbar.default\">\n\t\t\t\t<div class=\"elementor-widget-container\">\n\t\t\t\t\t    <div class=\"pxl-progressbar pxl-progressbar-1\">\n                    <div class=\"pxl--item\" data-wow-delay=\"ms\">\n                <div class=\"pxl--meta pxl-flex\">\n                    <h5 class=\"pxl--title el-empty\">Experiencia Avanzada en Ortopedia y Medicina Deportiva<\/h5>\n                    <div class=\"pxl--percentage\">100%<\/div>\n                <\/div>\n                <div class=\"pxl--holder\">\n                    <div class=\"pxl--progressbar\" role=\"progressbar\" data-valuetransitiongoal=\"100\"><\/div>\n                <\/div>\n            <\/div>\n                    <div class=\"pxl--item\" data-wow-delay=\"ms\">\n                <div class=\"pxl--meta pxl-flex\">\n                    <h5 class=\"pxl--title el-empty\">Enfoques de Tratamiento Regenerativos y Basados en Evidencia<\/h5>\n                    <div class=\"pxl--percentage\">100%<\/div>\n                <\/div>\n                <div class=\"pxl--holder\">\n                    <div class=\"pxl--progressbar\" role=\"progressbar\" data-valuetransitiongoal=\"100\"><\/div>\n                <\/div>\n            <\/div>\n                    <div class=\"pxl--item\" data-wow-delay=\"ms\">\n                <div class=\"pxl--meta pxl-flex\">\n                    <h5 class=\"pxl--title el-empty\">Asistencia Quir\u00fargica y Artrosc\u00f3pica Especializada<\/h5>\n                    <div class=\"pxl--percentage\">100%<\/div>\n                <\/div>\n                <div class=\"pxl--holder\">\n                    <div class=\"pxl--progressbar\" role=\"progressbar\" data-valuetransitiongoal=\"100\"><\/div>\n                <\/div>\n            <\/div>\n            <\/div>\n\t\t\t\t<\/div>\n\t\t\t\t<\/div>\n\t\t\t\t<div class=\"elementor-element elementor-element-fe6b169 elementor-widget elementor-widget-spacer\" data-id=\"fe6b169\" data-element_type=\"widget\" data-e-type=\"widget\" data-widget_type=\"spacer.default\">\n\t\t\t\t<div class=\"elementor-widget-container\">\n\t\t\t\t\t\t\t<div class=\"elementor-spacer\">\n\t\t\t<div class=\"elementor-spacer-inner\"><\/div>\n\t\t<\/div>\n\t\t\t\t\t\t<\/div>\n\t\t\t\t<\/div>\n\t\t            <\/div>\r\n        <\/div>\r\n        \t\t\t<\/div>\n\t\t<\/section>\n\t\t\t\t<\/div>","protected":false},"excerpt":{"rendered":"<p>Jonathan Toro Ram\u00edrez International Medical Graduate &#038; Certified Physician Assistant (P.A.-C) \/ Surgical Assistant Certified Jonathan Toro Ram\u00edrez International Medical Graduate &amp; Certified Physician Assistant\u00a0(P.A.-C) \/ Surgical Assistant Certified \/\u00a0Florida-USA Dr. Jonathan Toro Ram\u00edrez is an International Medical Graduate and Certified Physician Assistant (P.A.-C) with an accomplished background in sports medicine, orthopedics, and regenerative medicine. [&hellip;]<\/p>\n","protected":false},"author":2,"featured_media":0,"parent":0,"menu_order":0,"comment_status":"closed","ping_status":"closed","template":"","meta":{"footnotes":""},"class_list":["post-7194","page","type-page","status-publish","hentry"],"_links":{"self":[{"href":"https:\/\/jonathantoro.com\/es\/wp-json\/wp\/v2\/pages\/7194","targetHints":{"allow":["GET"]}}],"collection":[{"href":"https:\/\/jonathantoro.com\/es\/wp-json\/wp\/v2\/pages"}],"about":[{"href":"https:\/\/jonathantoro.com\/es\/wp-json\/wp\/v2\/types\/page"}],"author":[{"embeddable":true,"href":"https:\/\/jonathantoro.com\/es\/wp-json\/wp\/v2\/users\/2"}],"replies":[{"embeddable":true,"href":"https:\/\/jonathantoro.com\/es\/wp-json\/wp\/v2\/comments?post=7194"}],"version-history":[{"count":32,"href":"https:\/\/jonathantoro.com\/es\/wp-json\/wp\/v2\/pages\/7194\/revisions"}],"predecessor-version":[{"id":8061,"href":"https:\/\/jonathantoro.com\/es\/wp-json\/wp\/v2\/pages\/7194\/revisions\/8061"}],"wp:attachment":[{"href":"https:\/\/jonathantoro.com\/es\/wp-json\/wp\/v2\/media?parent=7194"}],"curies":[{"name":"wp","href":"https:\/\/api.w.org\/{rel}","templated":true}]}}